{"id":89,"date":"2019-12-15T21:32:48","date_gmt":"2019-12-15T21:32:48","guid":{"rendered":"https:\/\/www.schraders-bilderfabrik.de\/cms\/?page_id=89"},"modified":"2025-02-24T10:00:30","modified_gmt":"2025-02-24T10:00:30","slug":"portraitfotos","status":"publish","type":"page","link":"https:\/\/www.schraders-bilderfabrik.de\/cms\/?page_id=89","title":{"rendered":"Portraitfotos"},"content":{"rendered":"<p class=\"text\">Portraitfotos sind abwechslungsreiche und vielf\u00e4ltige Aufnahmen, die f\u00fcr viele Gelegenheiten verwendet werden k\u00f6nnen. Ob klassische Portraits oder ausgefallene Bilder&nbsp;\u2013 mit unseren Portraitfotos stehen Sie immer im richtigen Licht!<\/p>\n<table class=\"price\" style=\"height: 310px;\" width=\"552\" cellspacing=\"5px\">\n<tbody>\n<tr>\n<td>Typ<\/td>\n<td>Info<\/td>\n<td>Zeit<\/td>\n<td>Preis<\/td>\n<\/tr>\n<tr>\n<td>&nbsp;<\/td>\n<\/tr>\n<tr>\n<td>Mini Shooting<\/td>\n<td>1 Person (10 &#8211; 15 Aufnahmen)<\/td>\n<td>ca. 15 Minuten<\/td>\n<td>50 \u20ac<\/td>\n<\/tr>\n<tr>\n<td>&nbsp;<\/td>\n<\/tr>\n<tr>\n<td>Regul\u00e4res Shooting<\/td>\n<td>1 &#8211; 2 Personen (20 Aufnahmen)<\/td>\n<td>ca. 20 Minuten<\/td>\n<td>100 \u20ac<\/td>\n<\/tr>\n<tr>\n<td>&nbsp;<\/td>\n<\/tr>\n<tr>\n<td>Exklusiv Shooting<\/td>\n<td>1 &#8211; 3 Personen (30 Aufnahmen)<\/td>\n<td>ca. 30 Minuten<\/td>\n<td>150 \u20ac<\/td>\n<\/tr>\n<\/tbody>\n<\/table>\n<p><strong>Bilder Druck a: 10,00 \u20ac<\/strong><\/p>\n<p style=\"text-align: center;\">&nbsp; &nbsp;&nbsp; &nbsp; Bei anklicken des Bildes wird es in gro\u00df dargestellt<\/p>\nngg_shortcode_0_placeholder\n","protected":false},"excerpt":{"rendered":"<p>Portraitfotos sind abwechslungsreiche und vielf\u00e4ltige Aufnahmen, die f\u00fcr viele Gelegenheiten verwendet werden k\u00f6nnen. Ob klassische Portraits oder ausgefallene Bilder&nbsp;\u2013 mit unseren Portraitfotos stehen Sie immer im richtigen Licht! Typ Info Zeit Preis &nbsp; Mini Shooting 1 Person (10 &#8211; 15 Aufnahmen) ca. 15 Minuten 50 \u20ac &nbsp; Regul\u00e4res Shooting 1 &#8211; 2 Personen (20 Aufnahmen) &hellip; <\/p>\n<p class=\"link-more\"><a href=\"https:\/\/www.schraders-bilderfabrik.de\/cms\/?page_id=89\" class=\"more-link\"><span class=\"screen-reader-text\">\u201ePortraitfotos\u201c <\/span>weiterlesen<\/a><\/p>\n","protected":false},"author":1,"featured_media":0,"parent":0,"menu_order":0,"comment_status":"closed","ping_status":"closed","template":"","meta":{"ngg_post_thumbnail":0,"footnotes":""},"class_list":["post-89","page","type-page","status-publish","hentry"],"jetpack_sharing_enabled":true,"jetpack_likes_enabled":false,"_links":{"self":[{"href":"https:\/\/www.schraders-bilderfabrik.de\/cms\/index.php?rest_route=\/wp\/v2\/pages\/89","targetHints":{"allow":["GET"]}}],"collection":[{"href":"https:\/\/www.schraders-bilderfabrik.de\/cms\/index.php?rest_route=\/wp\/v2\/pages"}],"about":[{"href":"https:\/\/www.schraders-bilderfabrik.de\/cms\/index.php?rest_route=\/wp\/v2\/types\/page"}],"author":[{"embeddable":true,"href":"https:\/\/www.schraders-bilderfabrik.de\/cms\/index.php?rest_route=\/wp\/v2\/users\/1"}],"replies":[{"embeddable":true,"href":"https:\/\/www.schraders-bilderfabrik.de\/cms\/index.php?rest_route=%2Fwp%2Fv2%2Fcomments&post=89"}],"version-history":[{"count":17,"href":"https:\/\/www.schraders-bilderfabrik.de\/cms\/index.php?rest_route=\/wp\/v2\/pages\/89\/revisions"}],"predecessor-version":[{"id":754,"href":"https:\/\/www.schraders-bilderfabrik.de\/cms\/index.php?rest_route=\/wp\/v2\/pages\/89\/revisions\/754"}],"wp:attachment":[{"href":"https:\/\/www.schraders-bilderfabrik.de\/cms\/index.php?rest_route=%2Fwp%2Fv2%2Fmedia&parent=89"}],"curies":[{"name":"wp","href":"https:\/\/api.w.org\/{rel}","templated":true}]}}